{"id":38,"date":"2015-06-23T15:11:08","date_gmt":"2015-06-23T13:11:08","guid":{"rendered":"http:\/\/mariavonwaldfriede.de\/?page_id=38"},"modified":"2015-07-17T08:23:09","modified_gmt":"2015-07-17T06:23:09","slug":"biographie","status":"publish","type":"page","link":"https:\/\/mariavonwaldfriede.de\/?page_id=38","title":{"rendered":"Biographie"},"content":{"rendered":"<p>[et_pb_section fullwidth=&#8220;off&#8220; specialty=&#8220;off&#8220;][et_pb_row][et_pb_column type=&#8220;4_4&#8243;][et_pb_text admin_label=&#8220;Text&#8220; background_layout=&#8220;light&#8220; text_orientation=&#8220;left&#8220; use_border_color=&#8220;off&#8220; border_color=&#8220;#ffffff&#8220; border_style=&#8220;solid&#8220;]<\/p>\n<p><span style=\"font-size: large;\">\u00a0<\/span><\/p>\n<p><span style=\"font-size: large;\"><strong>Maria von Waldfriede<\/strong> wurde bereits als kleines Kind von ihrer\u00a0 Oma im Gesang ausgebildet und war sp\u00e4ter jahrelang in einem ausgew\u00e4hlten Kammerchor t\u00e4tig. Als Erwachsene absolvierte sie eine Gesangsausbildung an einem Konservatorium.<\/span><\/p>\n<p><span style=\"font-size: large;\">Nach einigen Auftritten gemeinsamen mit dem bekannten Gitarristen Jeoma Flores (ihrem damaligen Partner und Vater ihres gemeinsamen Sohnes Jeremias), kristallisierte sich mehr und mehr ihr eigenes Genre heraus, n\u00e4mlich der Gesang und die Interpretation von spirituellen Liedern. Seit etwa 20 Jahren tr\u00e4gt sie diese regelm\u00e4\u00dfig ihrem Publikum, das anfangs nur aus Seminarg\u00e4sten bestand, vor. Im Jahr 2004 begann sie an interaktiven Abenden, die mehrmals im Jahr stattfanden, im Rahmen von nun auch \u00f6ffentlichen Konzerten vorwiegend indianische Lieder und auch indische Mantren darzubieten und damit durch ihre Ausstrahlung auch direkt auf das Publikum einzuwirken. <\/span><\/p>\n<p><span style=\"font-size: large;\">W\u00e4hrend der Seminare in Waldfriede, die ca. alle 6 Wochen angeboten werden, gibt Maria ebenfalls jeweils ein Konzert, das jedoch den Seminarteilnehmern vorbehalten ist.<br \/>\n<\/span><\/p>\n<p><span style=\"font-size: large;\">Die erste CD: Indian Prayers entstand 2009 im Goldmine Studio\u00a0 in Frankfurt am Main, produziert von Florian Becker und ist bereits in der 4. Auflage erschienen. <\/span><\/p>\n<p><span style=\"font-size: large;\">Maria arbeitet derzeit an ihrer 2. CD, mit der ca. Anfang des n\u00e4chsten Jahres zu rechnen ist.<br \/>\n<\/span><\/p>\n<div id=\"attachment_97\" style=\"width: 610px\" class=\"wp-caption aligncenter\"><img loading=\"lazy\" decoding=\"async\" aria-describedby=\"caption-attachment-97\" class=\"wp-image-97\" src=\"https:\/\/mariavonwaldfriede.de\/wp-content\/uploads\/2015\/06\/bio-300x268.jpg\" alt=\"MINOLTA DIGITAL CAMERA\" width=\"600\" height=\"536\" srcset=\"https:\/\/mariavonwaldfriede.de\/wp-content\/uploads\/2015\/06\/bio-300x268.jpg 300w, https:\/\/mariavonwaldfriede.de\/wp-content\/uploads\/2015\/06\/bio-1024x915.jpg 1024w, https:\/\/mariavonwaldfriede.de\/wp-content\/uploads\/2015\/06\/bio-1080x965.jpg 1080w, https:\/\/mariavonwaldfriede.de\/wp-content\/uploads\/2015\/06\/bio.jpg 1536w\" sizes=\"(max-width: 600px) 100vw, 600px\" \/><p id=\"caption-attachment-97\" class=\"wp-caption-text\">Maria von Waldfriede<\/p><\/div>\n<p>[\/et_pb_text][\/et_pb_column][\/et_pb_row][\/et_pb_section]<\/p>\n","protected":false},"excerpt":{"rendered":"<p><div class=\"et_pb_row et_pb_row_0 et_pb_row_empty\">\n\t\t\t\t\n\t\t\t\t\n\t\t\t\t\n\t\t\t\t\n\t\t\t\t\n\t\t\t<\/div> \u00a0 Maria von Waldfriede wurde bereits als kleines Kind von ihrer\u00a0 Oma im Gesang ausgebildet und war sp\u00e4ter jahrelang in einem ausgew\u00e4hlten Kammerchor t\u00e4tig. Als Erwachsene absolvierte sie eine Gesangsausbildung an einem Konservatorium. Nach einigen Auftritten gemeinsamen mit dem bekannten Gitarristen Jeoma Flores (ihrem damaligen Partner und Vater ihres gemeinsamen Sohnes Jeremias), kristallisierte sich [&hellip;]<\/p>\n","protected":false},"author":1,"featured_media":0,"parent":0,"menu_order":0,"comment_status":"open","ping_status":"open","template":"","meta":{"_et_pb_use_builder":"on","_et_pb_old_content":"","_et_gb_content_width":"","footnotes":""},"_links":{"self":[{"href":"https:\/\/mariavonwaldfriede.de\/index.php?rest_route=\/wp\/v2\/pages\/38"}],"collection":[{"href":"https:\/\/mariavonwaldfriede.de\/index.php?rest_route=\/wp\/v2\/pages"}],"about":[{"href":"https:\/\/mariavonwaldfriede.de\/index.php?rest_route=\/wp\/v2\/types\/page"}],"author":[{"embeddable":true,"href":"https:\/\/mariavonwaldfriede.de\/index.php?rest_route=\/wp\/v2\/users\/1"}],"replies":[{"embeddable":true,"href":"https:\/\/mariavonwaldfriede.de\/index.php?rest_route=%2Fwp%2Fv2%2Fcomments&post=38"}],"version-history":[{"count":18,"href":"https:\/\/mariavonwaldfriede.de\/index.php?rest_route=\/wp\/v2\/pages\/38\/revisions"}],"predecessor-version":[{"id":134,"href":"https:\/\/mariavonwaldfriede.de\/index.php?rest_route=\/wp\/v2\/pages\/38\/revisions\/134"}],"wp:attachment":[{"href":"https:\/\/mariavonwaldfriede.de\/index.php?rest_route=%2Fwp%2Fv2%2Fmedia&parent=38"}],"curies":[{"name":"wp","href":"https:\/\/api.w.org\/{rel}","templated":true}]}}